{"id":85,"date":"2017-01-19T14:01:54","date_gmt":"2017-01-19T19:01:54","guid":{"rendered":"http:\/\/pcompletep.ca\/?page_id=85"},"modified":"2018-03-20T09:21:24","modified_gmt":"2018-03-20T13:21:24","slug":"services","status":"publish","type":"page","link":"https:\/\/pcompletep.ca\/fr\/services\/","title":{"rendered":"Services"},"content":{"rendered":"<div class=\"wpb-content-wrapper\"><p>[vc_row css_animation=&#8221;&#8221; row_type=&#8221;row&#8221; use_row_as_full_screen_section=&#8221;no&#8221; type=&#8221;grid&#8221; angled_section=&#8221;no&#8221; text_align=&#8221;left&#8221; background_image_as_pattern=&#8221;without_pattern&#8221; el_class=&#8221;homepage_tilted services_top_tilted&#8221;][vc_column width=&#8221;1\/2&#8243; el_class=&#8221;homepage_tilted_image tilted_image_wrench&#8221; offset=&#8221;vc_hidden-sm vc_hidden-xs&#8221;][vc_single_image image=&#8221;112&#8243; img_size=&#8221;full&#8221; alignment=&#8221;center&#8221; qode_css_animation=&#8221;&#8221;][\/vc_column][vc_column el_class=&#8221;homepage_tilted_content&#8221; offset=&#8221;vc_col-md-6&#8243;][vc_column_text]<\/p>\n<h1>Qualit\u00e9, accessibilit\u00e9<br \/>\net communication<\/h1>\n<p>La communication est constamment au centre de nos services. Pour nous, l\u2019importance de communiquer avec nos clients, de m\u00eame que les relations entre les employ\u00e9s et la partie patronale, sont au c\u0153ur de nos pr\u00e9occupations quotidiennes.[\/vc_column_text][\/vc_column][\/vc_row][vc_row css_animation=&#8221;&#8221; row_type=&#8221;row&#8221; use_row_as_full_screen_section=&#8221;no&#8221; type=&#8221;grid&#8221; angled_section=&#8221;no&#8221; text_align=&#8221;left&#8221; background_image_as_pattern=&#8221;without_pattern&#8221;][vc_column el_class=&#8221;homepage_white_content white_content_nous_offrons&#8221;][vc_column_text]<\/p>\n<h1>Nous Offrons<\/h1>\n<p>[\/vc_column_text][vc_row_inner row_type=&#8221;row&#8221; type=&#8221;full_width&#8221; text_align=&#8221;left&#8221; css_animation=&#8221;&#8221; el_class=&#8221;nous_offrons_lists&#8221;][vc_column_inner width=&#8221;1\/2&#8243;][vc_column_text]\u2022 R\u00e9novation et nouvelles constructions<br \/>\n\u2022 Nettoyage et entretien d\u2019\u00e9gouts<br \/>\n\u2022 R\u00e9parations<br \/>\n\u2022 Installation de compteurs d\u2019eau<br \/>\n(commercial et r\u00e9sidentiel)[\/vc_column_text][\/vc_column_inner][vc_column_inner width=&#8221;1\/2&#8243;][vc_column_text]\u2022 Installation de dispositifs anti-refoulement<br \/>\n\u2022 Installation de pompe de vidange<br \/>\n\u2022 Inspection par cam\u00e9ra<br \/>\n\u2022 D\u00e9blocage de drains[\/vc_column_text][\/vc_column_inner][\/vc_row_inner][\/vc_column][\/vc_row][vc_row css_animation=&#8221;&#8221; row_type=&#8221;row&#8221; use_row_as_full_screen_section=&#8221;no&#8221; type=&#8221;full_width&#8221; angled_section=&#8221;no&#8221; text_align=&#8221;left&#8221; background_image_as_pattern=&#8221;without_pattern&#8221;][vc_column el_class=&#8221;homepage_quad&#8221; offset=&#8221;vc_hidden-sm vc_hidden-xs&#8221;][vc_column_text]<\/p>\n<div class=\"quad_wrapper | vc_col-sm-3\"><a class=\"services-animate\" href=\"https:\/\/pcompletep.ca\/fr\/services\/#planification\" data-scrollto=\"#planification\"><span class=\"|\">Planification<\/span><\/a><\/div>\n<div class=\"quad_wrapper | vc_col-sm-3\"><a class=\"services-animate\" href=\"https:\/\/pcompletep.ca\/fr\/services\/#comprehension\" data-scrollto=\"#comprehension\"><span class=\"|\">Compr\u00e9hension<\/span><\/a><\/div>\n<div class=\"quad_wrapper | vc_col-sm-3\"><a class=\"services-animate\" href=\"https:\/\/pcompletep.ca\/fr\/services\/#organisation\" data-scrollto=\"#organisation\"><span class=\"|\">Organisation<\/span><\/a><\/div>\n<div class=\"quad_wrapper | vc_col-sm-3\"><a class=\"services-animate\" href=\"https:\/\/pcompletep.ca\/fr\/services\/#production\" data-scrollto=\"#production\"><span class=\"|\">Production<\/span><\/a><\/div>\n<p>[\/vc_column_text][\/vc_column][\/vc_row][vc_row css_animation=&#8221;&#8221; row_type=&#8221;row&#8221; use_row_as_full_screen_section=&#8221;no&#8221; type=&#8221;grid&#8221; angled_section=&#8221;no&#8221; text_align=&#8221;left&#8221; background_image_as_pattern=&#8221;without_pattern&#8221; el_class=&#8221;homepage_tilted tilted_services_icons&#8221;][vc_column width=&#8221;5\/12&#8243; el_class=&#8221;homepage_tilted_image tilted_image_services_icons&#8221; offset=&#8221;vc_col-md-6&#8243;][vc_row_inner row_type=&#8221;row&#8221; type=&#8221;full_width&#8221; anchor=&#8221;planification&#8221; text_align=&#8221;left&#8221; css_animation=&#8221;&#8221; el_class=&#8221;service-anchor&#8221;][vc_column_inner][vc_single_image image=&#8221;120&#8243; img_size=&#8221;full&#8221; alignment=&#8221;center&#8221; qode_css_animation=&#8221;&#8221;][\/vc_column_inner][\/vc_row_inner][\/vc_column][vc_column width=&#8221;7\/12&#8243; el_class=&#8221;homepage_tilted_content&#8221; offset=&#8221;vc_col-md-6&#8243;][vc_column_text]<\/p>\n<h1>Planification<\/h1>\n<p>Nous planifions pour vous les projets de plomberie des plus simples aux plus complexes et nous nous chargeons de l\u2019ensemble du processus pour \u00e9viter les mauvaises surprises et assurer la s\u00e9curit\u00e9 et la qualit\u00e9 des travaux.[\/vc_column_text][\/vc_column][\/vc_row][vc_row css_animation=&#8221;&#8221; row_type=&#8221;row&#8221; use_row_as_full_screen_section=&#8221;no&#8221; type=&#8221;grid&#8221; angled_section=&#8221;no&#8221; text_align=&#8221;left&#8221; background_image_as_pattern=&#8221;without_pattern&#8221; el_class=&#8221;homepage_tilted tilted_services_icons tilted_white_bg&#8221;][vc_column width=&#8221;5\/12&#8243; el_class=&#8221;homepage_tilted_image tilted_image_services_icons&#8221; offset=&#8221;vc_col-md-6&#8243;][vc_row_inner row_type=&#8221;row&#8221; type=&#8221;full_width&#8221; anchor=&#8221;comprehension&#8221; text_align=&#8221;left&#8221; css_animation=&#8221;&#8221; el_class=&#8221;service-anchor&#8221;][vc_column_inner][vc_single_image image=&#8221;118&#8243; img_size=&#8221;full&#8221; alignment=&#8221;center&#8221; qode_css_animation=&#8221;&#8221;][\/vc_column_inner][\/vc_row_inner][\/vc_column][vc_column width=&#8221;7\/12&#8243; el_class=&#8221;homepage_tilted_content&#8221; offset=&#8221;vc_col-md-6&#8243;][vc_column_text]<\/p>\n<h1>Compr\u00e9hension<\/h1>\n<p>Nos plombiers professionnels sont \u00e0 votre \u00e9coute. Avant m\u00eame de d\u00e9buter votre projet, nous nous assurons de bien comprendre vos besoins et votre r\u00e9alit\u00e9. La cl\u00e9 du succ\u00e8s, c\u2019est la communication.[\/vc_column_text][\/vc_column][\/vc_row][vc_row css_animation=&#8221;&#8221; row_type=&#8221;row&#8221; use_row_as_full_screen_section=&#8221;no&#8221; type=&#8221;grid&#8221; angled_section=&#8221;no&#8221; text_align=&#8221;left&#8221; background_image_as_pattern=&#8221;without_pattern&#8221; el_class=&#8221;homepage_tilted tilted_services_icons&#8221;][vc_column width=&#8221;5\/12&#8243; el_class=&#8221;homepage_tilted_image tilted_image_services_icons&#8221; offset=&#8221;vc_col-md-6&#8243;][vc_row_inner row_type=&#8221;row&#8221; type=&#8221;full_width&#8221; anchor=&#8221;organisation&#8221; text_align=&#8221;left&#8221; css_animation=&#8221;&#8221; el_class=&#8221;service-anchor&#8221;][vc_column_inner][vc_single_image image=&#8221;119&#8243; img_size=&#8221;full&#8221; alignment=&#8221;center&#8221; qode_css_animation=&#8221;&#8221;][\/vc_column_inner][\/vc_row_inner][\/vc_column][vc_column width=&#8221;7\/12&#8243; el_class=&#8221;homepage_tilted_content&#8221; offset=&#8221;vc_col-md-6&#8243;][vc_column_text]<\/p>\n<h1>Organisation<\/h1>\n<p>Les sp\u00e9cialistes de Plomberie Complete ne laissent rien au hasard et veillent \u00e0 ce que toutes les \u00e9tapes du projet soient proprement r\u00e9alis\u00e9es, ce qui passe d\u2019abord par une pr\u00e9paration ad\u00e9quate et une organisation sans faille.[\/vc_column_text][\/vc_column][\/vc_row][vc_row css_animation=&#8221;&#8221; row_type=&#8221;row&#8221; use_row_as_full_screen_section=&#8221;no&#8221; type=&#8221;grid&#8221; angled_section=&#8221;no&#8221; text_align=&#8221;left&#8221; background_image_as_pattern=&#8221;without_pattern&#8221; el_class=&#8221;homepage_tilted tilted_services_icons tilted_white_bg&#8221;][vc_column width=&#8221;5\/12&#8243; el_class=&#8221;homepage_tilted_image tilted_image_services_icons&#8221; offset=&#8221;vc_col-md-6&#8243;][vc_row_inner row_type=&#8221;row&#8221; type=&#8221;full_width&#8221; anchor=&#8221;production&#8221; text_align=&#8221;left&#8221; css_animation=&#8221;&#8221; el_class=&#8221;service-anchor&#8221;][vc_column_inner][vc_single_image image=&#8221;121&#8243; img_size=&#8221;full&#8221; alignment=&#8221;center&#8221; qode_css_animation=&#8221;&#8221;][\/vc_column_inner][\/vc_row_inner][\/vc_column][vc_column width=&#8221;7\/12&#8243; el_class=&#8221;homepage_tilted_content&#8221; offset=&#8221;vc_col-md-6&#8243;][vc_column_text]<\/p>\n<h1>Production<\/h1>\n<p>Une fois le projet planifi\u00e9, vos besoins pris en compte et les t\u00e2ches bien organis\u00e9es, nous nous mettons \u00e0 l\u2019\u0153uvre avec une rigueur sans \u00e9gale afin de vous offrir des r\u00e9sultats de qualit\u00e9 professionnelle sur lesquels vous pourrez compter.[\/vc_column_text][\/vc_column][\/vc_row]<\/p>\n<\/div>","protected":false},"excerpt":{"rendered":"<p>[vc_row css_animation=&#8221;&#8221; row_type=&#8221;row&#8221; use_row_as_full_screen_section=&#8221;no&#8221; type=&#8221;grid&#8221; angled_section=&#8221;no&#8221; text_align=&#8221;left&#8221; background_image_as_pattern=&#8221;without_pattern&#8221; el_class=&#8221;homepage_tilted services_top_tilted&#8221;][vc_column width=&#8221;1\/2&#8243; el_class=&#8221;homepage_tilted_image tilted_image_wrench&#8221; offset=&#8221;vc_hidden-sm vc_hidden-xs&#8221;][vc_single_image image=&#8221;112&#8243; img_size=&#8221;full&#8221; alignment=&#8221;center&#8221; qode_css_animation=&#8221;&#8221;][\/vc_column][vc_column el_class=&#8221;homepage_tilted_content&#8221; offset=&#8221;vc_col-md-6&#8243;][vc_column_text] Qualit\u00e9, accessibilit\u00e9 et communication La communication est constamment au centre de nos services. Pour nous, l\u2019importance de communiquer avec nos clients, de m\u00eame que&#8230;<\/p>\n","protected":false},"author":1,"featured_media":0,"parent":0,"menu_order":0,"comment_status":"closed","ping_status":"closed","template":"full_width.php","meta":{"_acf_changed":false,"footnotes":""},"class_list":["post-85","page","type-page","status-publish","hentry"],"acf":[],"yoast_head":"<!-- This site is optimized with the Yoast SEO plugin v27.4 - https:\/\/yoast.com\/product\/yoast-seo-wordpress\/ -->\n<title>Services | Plomberie Complete Plumbing | Ottawa-Ontario<\/title>\n<meta name=\"description\" content=\"Nous effectuons des travaux de r\u00e9novations, d&#039;entretien et de r\u00e9paration. Nous priorisons : Planification, Compr\u00e9hension, Organisation et Production.\" \/>\n<meta name=\"robots\" content=\"index, follow, max-snippet:-1, max-image-preview:large, max-video-preview:-1\" \/>\n<link rel=\"canonical\" href=\"https:\/\/pcompletep.ca\/fr\/services\/\" \/>\n<meta property=\"og:locale\" content=\"fr_FR\" \/>\n<meta property=\"og:type\" content=\"article\" \/>\n<meta property=\"og:title\" content=\"Services | Plomberie Complete Plumbing | Ottawa-Ontario\" \/>\n<meta property=\"og:description\" content=\"Nous effectuons des travaux de r\u00e9novations, d&#039;entretien et de r\u00e9paration. Nous priorisons : Planification, Compr\u00e9hension, Organisation et Production.\" \/>\n<meta property=\"og:url\" content=\"https:\/\/pcompletep.ca\/fr\/services\/\" \/>\n<meta property=\"og:site_name\" content=\"Plomberie Complete\" \/>\n<meta property=\"article:modified_time\" content=\"2018-03-20T13:21:24+00:00\" \/>\n<meta property=\"og:image\" content=\"http:\/\/pcompletep.ca\/wp-content\/uploads\/2017\/01\/pcompletep.jpg\" \/>\n<meta name=\"twitter:card\" content=\"summary_large_image\" \/>\n<meta name=\"twitter:label1\" content=\"Est. reading time\" \/>\n\t<meta name=\"twitter:data1\" content=\"5 minutes\" \/>\n<script type=\"application\/ld+json\" class=\"yoast-schema-graph\">{\"@context\":\"https:\\\/\\\/schema.org\",\"@graph\":[{\"@type\":\"WebPage\",\"@id\":\"https:\\\/\\\/pcompletep.ca\\\/fr\\\/services\\\/\",\"url\":\"https:\\\/\\\/pcompletep.ca\\\/fr\\\/services\\\/\",\"name\":\"Services | Plomberie Complete Plumbing | Ottawa-Ontario\",\"isPartOf\":{\"@id\":\"https:\\\/\\\/pcompletep.ca\\\/#website\"},\"datePublished\":\"2017-01-19T19:01:54+00:00\",\"dateModified\":\"2018-03-20T13:21:24+00:00\",\"description\":\"Nous effectuons des travaux de r\u00e9novations, d'entretien et de r\u00e9paration. Nous priorisons : Planification, Compr\u00e9hension, Organisation et Production.\",\"breadcrumb\":{\"@id\":\"https:\\\/\\\/pcompletep.ca\\\/fr\\\/services\\\/#breadcrumb\"},\"inLanguage\":\"fr-FR\",\"potentialAction\":[{\"@type\":\"ReadAction\",\"target\":[\"https:\\\/\\\/pcompletep.ca\\\/fr\\\/services\\\/\"]}]},{\"@type\":\"BreadcrumbList\",\"@id\":\"https:\\\/\\\/pcompletep.ca\\\/fr\\\/services\\\/#breadcrumb\",\"itemListElement\":[{\"@type\":\"ListItem\",\"position\":1,\"name\":\"Home\",\"item\":\"https:\\\/\\\/pcompletep.ca\\\/fr\\\/\"},{\"@type\":\"ListItem\",\"position\":2,\"name\":\"Services\"}]},{\"@type\":\"WebSite\",\"@id\":\"https:\\\/\\\/pcompletep.ca\\\/#website\",\"url\":\"https:\\\/\\\/pcompletep.ca\\\/\",\"name\":\"Plomberie Complete\",\"description\":\"Plomberie Complete\",\"potentialAction\":[{\"@type\":\"SearchAction\",\"target\":{\"@type\":\"EntryPoint\",\"urlTemplate\":\"https:\\\/\\\/pcompletep.ca\\\/?s={search_term_string}\"},\"query-input\":{\"@type\":\"PropertyValueSpecification\",\"valueRequired\":true,\"valueName\":\"search_term_string\"}}],\"inLanguage\":\"fr-FR\"}]}<\/script>\n<!-- \/ Yoast SEO plugin. -->","yoast_head_json":{"title":"Services | Plomberie Complete Plumbing | Ottawa-Ontario","description":"Nous effectuons des travaux de r\u00e9novations, d'entretien et de r\u00e9paration. Nous priorisons : Planification, Compr\u00e9hension, Organisation et Production.","robots":{"index":"index","follow":"follow","max-snippet":"max-snippet:-1","max-image-preview":"max-image-preview:large","max-video-preview":"max-video-preview:-1"},"canonical":"https:\/\/pcompletep.ca\/fr\/services\/","og_locale":"fr_FR","og_type":"article","og_title":"Services | Plomberie Complete Plumbing | Ottawa-Ontario","og_description":"Nous effectuons des travaux de r\u00e9novations, d'entretien et de r\u00e9paration. Nous priorisons : Planification, Compr\u00e9hension, Organisation et Production.","og_url":"https:\/\/pcompletep.ca\/fr\/services\/","og_site_name":"Plomberie Complete","article_modified_time":"2018-03-20T13:21:24+00:00","og_image":[{"url":"http:\/\/pcompletep.ca\/wp-content\/uploads\/2017\/01\/pcompletep.jpg","type":"","width":"","height":""}],"twitter_card":"summary_large_image","twitter_misc":{"Est. reading time":"5 minutes"},"schema":{"@context":"https:\/\/schema.org","@graph":[{"@type":"WebPage","@id":"https:\/\/pcompletep.ca\/fr\/services\/","url":"https:\/\/pcompletep.ca\/fr\/services\/","name":"Services | Plomberie Complete Plumbing | Ottawa-Ontario","isPartOf":{"@id":"https:\/\/pcompletep.ca\/#website"},"datePublished":"2017-01-19T19:01:54+00:00","dateModified":"2018-03-20T13:21:24+00:00","description":"Nous effectuons des travaux de r\u00e9novations, d'entretien et de r\u00e9paration. Nous priorisons : Planification, Compr\u00e9hension, Organisation et Production.","breadcrumb":{"@id":"https:\/\/pcompletep.ca\/fr\/services\/#breadcrumb"},"inLanguage":"fr-FR","potentialAction":[{"@type":"ReadAction","target":["https:\/\/pcompletep.ca\/fr\/services\/"]}]},{"@type":"BreadcrumbList","@id":"https:\/\/pcompletep.ca\/fr\/services\/#breadcrumb","itemListElement":[{"@type":"ListItem","position":1,"name":"Home","item":"https:\/\/pcompletep.ca\/fr\/"},{"@type":"ListItem","position":2,"name":"Services"}]},{"@type":"WebSite","@id":"https:\/\/pcompletep.ca\/#website","url":"https:\/\/pcompletep.ca\/","name":"Plomberie Complete","description":"Plomberie Complete","potentialAction":[{"@type":"SearchAction","target":{"@type":"EntryPoint","urlTemplate":"https:\/\/pcompletep.ca\/?s={search_term_string}"},"query-input":{"@type":"PropertyValueSpecification","valueRequired":true,"valueName":"search_term_string"}}],"inLanguage":"fr-FR"}]}},"_links":{"self":[{"href":"https:\/\/pcompletep.ca\/fr\/wp-json\/wp\/v2\/pages\/85","targetHints":{"allow":["GET"]}}],"collection":[{"href":"https:\/\/pcompletep.ca\/fr\/wp-json\/wp\/v2\/pages"}],"about":[{"href":"https:\/\/pcompletep.ca\/fr\/wp-json\/wp\/v2\/types\/page"}],"author":[{"embeddable":true,"href":"https:\/\/pcompletep.ca\/fr\/wp-json\/wp\/v2\/users\/1"}],"replies":[{"embeddable":true,"href":"https:\/\/pcompletep.ca\/fr\/wp-json\/wp\/v2\/comments?post=85"}],"version-history":[{"count":27,"href":"https:\/\/pcompletep.ca\/fr\/wp-json\/wp\/v2\/pages\/85\/revisions"}],"predecessor-version":[{"id":368,"href":"https:\/\/pcompletep.ca\/fr\/wp-json\/wp\/v2\/pages\/85\/revisions\/368"}],"wp:attachment":[{"href":"https:\/\/pcompletep.ca\/fr\/wp-json\/wp\/v2\/media?parent=85"}],"curies":[{"name":"wp","href":"https:\/\/api.w.org\/{rel}","templated":true}]}}