{"id":83,"date":"2017-01-19T14:01:28","date_gmt":"2017-01-19T19:01:28","guid":{"rendered":"http:\/\/pcompletep.ca\/?page_id=83"},"modified":"2017-02-03T08:47:54","modified_gmt":"2017-02-03T13:47:54","slug":"a-propos","status":"publish","type":"page","link":"https:\/\/pcompletep.ca\/fr\/a-propos\/","title":{"rendered":"\u00c0 propos"},"content":{"rendered":"<div class=\"wpb-content-wrapper\"><p>[vc_row css_animation=&#8221;&#8221; row_type=&#8221;row&#8221; use_row_as_full_screen_section=&#8221;no&#8221; type=&#8221;grid&#8221; angled_section=&#8221;no&#8221; text_align=&#8221;left&#8221; background_image_as_pattern=&#8221;without_pattern&#8221; el_class=&#8221;homepage_tilted tilted_template_simple&#8221;][vc_column width=&#8221;1\/2&#8243; el_class=&#8221;homepage_tilted_image&#8221; offset=&#8221;vc_hidden-sm vc_hidden-xs&#8221;][vc_single_image image=&#8221;147&#8243; img_size=&#8221;full&#8221; alignment=&#8221;center&#8221; qode_css_animation=&#8221;&#8221;][\/vc_column][vc_column el_class=&#8221;homepage_tilted_content&#8221; offset=&#8221;vc_col-md-6&#8243;][vc_column_text]En affaires depuis 2008, Plomberie Complete mise sur la confiance et la relation client qu\u2019il est en mesure d\u2019\u00e9tablir.<\/p>\n<p>L\u2019\u00e9quipe a su d\u00e9velopper une expertise importante. L\u2019une des valeurs principales de l\u2019organisation est la r\u00e9tention des employ\u00e9s. La connaissance et le savoir-faire que ceux-ci d\u00e9veloppent avec le temps, est ainsi conserv\u00e9e et contribue directement \u00e0 la m\u00e9moire corporative de Plomberie Complete.<\/p>\n<p>Notre entreprise est comme une petite famille dans laquelle nous int\u00e9grons nos clients.<\/p>\n<p>Nous deservons principalement la r\u00e9gion d&#8217;Ottawa- Ontario et les environs.[\/vc_column_text][\/vc_column][\/vc_row]<\/p>\n<\/div>","protected":false},"excerpt":{"rendered":"<p>[vc_row css_animation=&#8221;&#8221; row_type=&#8221;row&#8221; use_row_as_full_screen_section=&#8221;no&#8221; type=&#8221;grid&#8221; angled_section=&#8221;no&#8221; text_align=&#8221;left&#8221; background_image_as_pattern=&#8221;without_pattern&#8221; el_class=&#8221;homepage_tilted tilted_template_simple&#8221;][vc_column width=&#8221;1\/2&#8243; el_class=&#8221;homepage_tilted_image&#8221; offset=&#8221;vc_hidden-sm vc_hidden-xs&#8221;][vc_single_image image=&#8221;147&#8243; img_size=&#8221;full&#8221; alignment=&#8221;center&#8221; qode_css_animation=&#8221;&#8221;][\/vc_column][vc_column el_class=&#8221;homepage_tilted_content&#8221; offset=&#8221;vc_col-md-6&#8243;][vc_column_text]En affaires depuis 2008, Plomberie Complete mise sur la confiance et la relation client qu\u2019il est en mesure d\u2019\u00e9tablir. L\u2019\u00e9quipe a su d\u00e9velopper une expertise importante&#8230;.<\/p>\n","protected":false},"author":1,"featured_media":0,"parent":0,"menu_order":0,"comment_status":"closed","ping_status":"closed","template":"full_width.php","meta":{"_acf_changed":false,"footnotes":""},"class_list":["post-83","page","type-page","status-publish","hentry"],"acf":[],"yoast_head":"<!-- This site is optimized with the Yoast SEO plugin v27.4 - https:\/\/yoast.com\/product\/yoast-seo-wordpress\/ -->\n<title>\u00c0 propos | Plomberie Complete Plumbing | Ottawa - Ontario<\/title>\n<meta name=\"description\" content=\"Depuis 2008, notre entreprise \u00e0 su d\u00e9velopper une expertise importante ainsi que d&#039;\u00e9tablir une relation de confiance avec nos clients\" \/>\n<meta name=\"robots\" content=\"index, follow, max-snippet:-1, max-image-preview:large, max-video-preview:-1\" \/>\n<link rel=\"canonical\" href=\"https:\/\/pcompletep.ca\/fr\/a-propos\/\" \/>\n<meta property=\"og:locale\" content=\"fr_FR\" \/>\n<meta property=\"og:type\" content=\"article\" \/>\n<meta property=\"og:title\" content=\"\u00c0 propos | Plomberie Complete Plumbing | Ottawa - Ontario\" \/>\n<meta property=\"og:description\" content=\"Depuis 2008, notre entreprise \u00e0 su d\u00e9velopper une expertise importante ainsi que d&#039;\u00e9tablir une relation de confiance avec nos clients\" \/>\n<meta property=\"og:url\" content=\"https:\/\/pcompletep.ca\/fr\/a-propos\/\" \/>\n<meta property=\"og:site_name\" content=\"Plomberie Complete\" \/>\n<meta property=\"article:modified_time\" content=\"2017-02-03T13:47:54+00:00\" \/>\n<meta property=\"og:image\" content=\"http:\/\/pcompletep.ca\/wp-content\/uploads\/2017\/01\/pcompletep.jpg\" \/>\n<meta name=\"twitter:card\" content=\"summary_large_image\" \/>\n<meta name=\"twitter:label1\" content=\"Est. reading time\" \/>\n\t<meta name=\"twitter:data1\" content=\"1 minute\" \/>\n<script type=\"application\/ld+json\" class=\"yoast-schema-graph\">{\"@context\":\"https:\\\/\\\/schema.org\",\"@graph\":[{\"@type\":\"WebPage\",\"@id\":\"https:\\\/\\\/pcompletep.ca\\\/fr\\\/a-propos\\\/\",\"url\":\"https:\\\/\\\/pcompletep.ca\\\/fr\\\/a-propos\\\/\",\"name\":\"\u00c0 propos | Plomberie Complete Plumbing | Ottawa - Ontario\",\"isPartOf\":{\"@id\":\"https:\\\/\\\/pcompletep.ca\\\/#website\"},\"datePublished\":\"2017-01-19T19:01:28+00:00\",\"dateModified\":\"2017-02-03T13:47:54+00:00\",\"description\":\"Depuis 2008, notre entreprise \u00e0 su d\u00e9velopper une expertise importante ainsi que d'\u00e9tablir une relation de confiance avec nos clients\",\"breadcrumb\":{\"@id\":\"https:\\\/\\\/pcompletep.ca\\\/fr\\\/a-propos\\\/#breadcrumb\"},\"inLanguage\":\"fr-FR\",\"potentialAction\":[{\"@type\":\"ReadAction\",\"target\":[\"https:\\\/\\\/pcompletep.ca\\\/fr\\\/a-propos\\\/\"]}]},{\"@type\":\"BreadcrumbList\",\"@id\":\"https:\\\/\\\/pcompletep.ca\\\/fr\\\/a-propos\\\/#breadcrumb\",\"itemListElement\":[{\"@type\":\"ListItem\",\"position\":1,\"name\":\"Home\",\"item\":\"https:\\\/\\\/pcompletep.ca\\\/fr\\\/\"},{\"@type\":\"ListItem\",\"position\":2,\"name\":\"\u00c0 propos\"}]},{\"@type\":\"WebSite\",\"@id\":\"https:\\\/\\\/pcompletep.ca\\\/#website\",\"url\":\"https:\\\/\\\/pcompletep.ca\\\/\",\"name\":\"Plomberie Complete\",\"description\":\"Plomberie Complete\",\"potentialAction\":[{\"@type\":\"SearchAction\",\"target\":{\"@type\":\"EntryPoint\",\"urlTemplate\":\"https:\\\/\\\/pcompletep.ca\\\/?s={search_term_string}\"},\"query-input\":{\"@type\":\"PropertyValueSpecification\",\"valueRequired\":true,\"valueName\":\"search_term_string\"}}],\"inLanguage\":\"fr-FR\"}]}<\/script>\n<!-- \/ Yoast SEO plugin. -->","yoast_head_json":{"title":"\u00c0 propos | Plomberie Complete Plumbing | Ottawa - Ontario","description":"Depuis 2008, notre entreprise \u00e0 su d\u00e9velopper une expertise importante ainsi que d'\u00e9tablir une relation de confiance avec nos clients","robots":{"index":"index","follow":"follow","max-snippet":"max-snippet:-1","max-image-preview":"max-image-preview:large","max-video-preview":"max-video-preview:-1"},"canonical":"https:\/\/pcompletep.ca\/fr\/a-propos\/","og_locale":"fr_FR","og_type":"article","og_title":"\u00c0 propos | Plomberie Complete Plumbing | Ottawa - Ontario","og_description":"Depuis 2008, notre entreprise \u00e0 su d\u00e9velopper une expertise importante ainsi que d'\u00e9tablir une relation de confiance avec nos clients","og_url":"https:\/\/pcompletep.ca\/fr\/a-propos\/","og_site_name":"Plomberie Complete","article_modified_time":"2017-02-03T13:47:54+00:00","og_image":[{"url":"http:\/\/pcompletep.ca\/wp-content\/uploads\/2017\/01\/pcompletep.jpg","type":"","width":"","height":""}],"twitter_card":"summary_large_image","twitter_misc":{"Est. reading time":"1 minute"},"schema":{"@context":"https:\/\/schema.org","@graph":[{"@type":"WebPage","@id":"https:\/\/pcompletep.ca\/fr\/a-propos\/","url":"https:\/\/pcompletep.ca\/fr\/a-propos\/","name":"\u00c0 propos | Plomberie Complete Plumbing | Ottawa - Ontario","isPartOf":{"@id":"https:\/\/pcompletep.ca\/#website"},"datePublished":"2017-01-19T19:01:28+00:00","dateModified":"2017-02-03T13:47:54+00:00","description":"Depuis 2008, notre entreprise \u00e0 su d\u00e9velopper une expertise importante ainsi que d'\u00e9tablir une relation de confiance avec nos clients","breadcrumb":{"@id":"https:\/\/pcompletep.ca\/fr\/a-propos\/#breadcrumb"},"inLanguage":"fr-FR","potentialAction":[{"@type":"ReadAction","target":["https:\/\/pcompletep.ca\/fr\/a-propos\/"]}]},{"@type":"BreadcrumbList","@id":"https:\/\/pcompletep.ca\/fr\/a-propos\/#breadcrumb","itemListElement":[{"@type":"ListItem","position":1,"name":"Home","item":"https:\/\/pcompletep.ca\/fr\/"},{"@type":"ListItem","position":2,"name":"\u00c0 propos"}]},{"@type":"WebSite","@id":"https:\/\/pcompletep.ca\/#website","url":"https:\/\/pcompletep.ca\/","name":"Plomberie Complete","description":"Plomberie Complete","potentialAction":[{"@type":"SearchAction","target":{"@type":"EntryPoint","urlTemplate":"https:\/\/pcompletep.ca\/?s={search_term_string}"},"query-input":{"@type":"PropertyValueSpecification","valueRequired":true,"valueName":"search_term_string"}}],"inLanguage":"fr-FR"}]}},"_links":{"self":[{"href":"https:\/\/pcompletep.ca\/fr\/wp-json\/wp\/v2\/pages\/83","targetHints":{"allow":["GET"]}}],"collection":[{"href":"https:\/\/pcompletep.ca\/fr\/wp-json\/wp\/v2\/pages"}],"about":[{"href":"https:\/\/pcompletep.ca\/fr\/wp-json\/wp\/v2\/types\/page"}],"author":[{"embeddable":true,"href":"https:\/\/pcompletep.ca\/fr\/wp-json\/wp\/v2\/users\/1"}],"replies":[{"embeddable":true,"href":"https:\/\/pcompletep.ca\/fr\/wp-json\/wp\/v2\/comments?post=83"}],"version-history":[{"count":6,"href":"https:\/\/pcompletep.ca\/fr\/wp-json\/wp\/v2\/pages\/83\/revisions"}],"predecessor-version":[{"id":304,"href":"https:\/\/pcompletep.ca\/fr\/wp-json\/wp\/v2\/pages\/83\/revisions\/304"}],"wp:attachment":[{"href":"https:\/\/pcompletep.ca\/fr\/wp-json\/wp\/v2\/media?parent=83"}],"curies":[{"name":"wp","href":"https:\/\/api.w.org\/{rel}","templated":true}]}}