{"id":5,"date":"2017-01-17T15:26:53","date_gmt":"2017-01-17T20:26:53","guid":{"rendered":"http:\/\/pcompletep.ca\/?page_id=5"},"modified":"2018-03-20T09:11:56","modified_gmt":"2018-03-20T13:11:56","slug":"plomberie","status":"publish","type":"page","link":"https:\/\/pcompletep.ca\/fr\/","title":{"rendered":"Accueil"},"content":{"rendered":"<div class=\"wpb-content-wrapper\"><p>[vc_row css_animation=&#8221;&#8221; row_type=&#8221;row&#8221; use_row_as_full_screen_section=&#8221;no&#8221; type=&#8221;grid&#8221; angled_section=&#8221;no&#8221; text_align=&#8221;left&#8221; background_image_as_pattern=&#8221;without_pattern&#8221; el_class=&#8221;homepage_tilted&#8221;][vc_column width=&#8221;1\/2&#8243; el_class=&#8221;homepage_tilted_image&#8221; offset=&#8221;vc_hidden-sm vc_hidden-xs&#8221;][vc_single_image image=&#8221;147&#8243; img_size=&#8221;full&#8221; alignment=&#8221;center&#8221; qode_css_animation=&#8221;&#8221;][\/vc_column][vc_column el_class=&#8221;homepage_tilted_content&#8221; offset=&#8221;vc_col-md-6&#8243;][vc_column_text]<\/p>\n<h1>Bien inform\u00e9, bien pr\u00e9par\u00e9<\/h1>\n<p>Chez Plomberie Complete, nous savons que la pr\u00e9paration est une \u00e9tape importante du succ\u00e8s. C\u2019est pourquoi nous tenons \u00e0 discuter avec vous de ce que vous souhaitez accomplir avec votre projet de plomberie afin de vous offrir un service professionnel et sur mesure \u00e0 chacune des \u00e9tapes du processus.<br \/>\n<a class=\"btn_blue\" href=\"https:\/\/pcompletep.ca\/fr\/a-propos\/\">En savoir plus<\/a>[\/vc_column_text][\/vc_column][\/vc_row][vc_row css_animation=&#8221;&#8221; row_type=&#8221;row&#8221; use_row_as_full_screen_section=&#8221;no&#8221; type=&#8221;grid&#8221; angled_section=&#8221;no&#8221; text_align=&#8221;left&#8221; background_image_as_pattern=&#8221;without_pattern&#8221;][vc_column el_class=&#8221;homepage_white_content&#8221;][vc_column_text]<\/p>\n<h1>Services<\/h1>\n<p>Depuis 2008, nous veillons \u00e0 r\u00e9pondre aux besoins de nos clients et leur satisfaction est l\u2019une de nos principales motivations. Des travaux de qualit\u00e9 et un service personnalis\u00e9, voil\u00e0 ce \u00e0 quoi vous pouvez vous attendre en travaillant avec l\u2019\u00e9quipe de Plomberie Complete.<\/p>\n<p><a class=\"btn_blue\" href=\"https:\/\/pcompletep.ca\/fr\/services\/\">En savoir plus<\/a>[\/vc_column_text][\/vc_column][\/vc_row][vc_row css_animation=&#8221;&#8221; row_type=&#8221;row&#8221; use_row_as_full_screen_section=&#8221;no&#8221; type=&#8221;full_width&#8221; angled_section=&#8221;no&#8221; text_align=&#8221;left&#8221; background_image_as_pattern=&#8221;without_pattern&#8221;][vc_column el_class=&#8221;homepage_quad&#8221; offset=&#8221;vc_hidden-sm vc_hidden-xs&#8221;][vc_column_text]<\/p>\n<div class=\"quad_wrapper | vc_col-sm-3\"><a href=\"https:\/\/pcompletep.ca\/fr\/services\/#planification\"><span class=\"|\">Planification<\/span><\/a><\/div>\n<div class=\"quad_wrapper | vc_col-sm-3\"><a href=\"https:\/\/pcompletep.ca\/fr\/services\/#comprehension\"><span class=\"|\">Compr\u00e9hension<\/span><\/a><\/div>\n<div class=\"quad_wrapper | vc_col-sm-3\"><a href=\"https:\/\/pcompletep.ca\/fr\/services\/#organisation\"><span class=\"|\">Organisation<\/span><\/a><\/div>\n<div class=\"quad_wrapper | vc_col-sm-3\"><a href=\"https:\/\/pcompletep.ca\/fr\/services\/#production\"><span class=\"|\">Production<\/span><\/a><\/div>\n<p>[\/vc_column_text][\/vc_column][\/vc_row][vc_row css_animation=&#8221;&#8221; row_type=&#8221;row&#8221; use_row_as_full_screen_section=&#8221;no&#8221; type=&#8221;grid&#8221; angled_section=&#8221;no&#8221; text_align=&#8221;left&#8221; background_image_as_pattern=&#8221;without_pattern&#8221; el_class=&#8221;homepage_tilted&#8221;][vc_column width=&#8221;1\/2&#8243; el_class=&#8221;homepage_tilted_image homepage_boss&#8221; offset=&#8221;vc_hidden-sm vc_hidden-xs&#8221;][vc_single_image image=&#8221;290&#8243; img_size=&#8221;full&#8221; alignment=&#8221;center&#8221; qode_css_animation=&#8221;&#8221;][\/vc_column][vc_column el_class=&#8221;homepage_tilted_content&#8221; offset=&#8221;vc_col-md-6 vc_col-xs-12&#8243;][vc_column_text]<\/p>\n<h1>Votre s\u00e9curit\u00e9, notre priorit\u00e9<\/h1>\n<p>Les sp\u00e9cialistes de Plomberie Complete ont \u00e9t\u00e9 form\u00e9s \u00e0 des proc\u00e9d\u00e9s de s\u00e9curit\u00e9 stricts. Ils travaillent dans un environnement sain et s\u00e9curitaire, dans le respect le plus complet de vos installations, r\u00e9sidentielles ou commerciales.[\/vc_column_text][\/vc_column][\/vc_row][vc_row css_animation=&#8221;&#8221; row_type=&#8221;row&#8221; use_row_as_full_screen_section=&#8221;no&#8221; type=&#8221;grid&#8221; angled_section=&#8221;no&#8221; text_align=&#8221;left&#8221; background_image_as_pattern=&#8221;without_pattern&#8221;][vc_column el_class=&#8221;homepage_white_content less_padding&#8221;][vc_column_text]<\/p>\n<h1>R\u00e9sidentiel et commercial<\/h1>\n<p>Peu importe vos besoins et le type d\u2019\u00e9tablissement dans lequel le projet d\u2019installation ou de r\u00e9paration doit \u00eatre r\u00e9alis\u00e9, l\u2019\u00e9quipe de Plomberie Complete poss\u00e8de une vaste exp\u00e9rience dans divers milieux r\u00e9sidentiels et commerciaux.<\/p>\n<p><a class=\"btn_blue\" href=\"https:\/\/pcompletep.ca\/fr\/residentiel\/\">R\u00e9sidentiel<\/a> <a class=\"btn_blue\" href=\"https:\/\/pcompletep.ca\/fr\/commercial\/\">Commercial<\/a>[\/vc_column_text][\/vc_column][\/vc_row][vc_row css_animation=&#8221;&#8221; row_type=&#8221;row&#8221; use_row_as_full_screen_section=&#8221;no&#8221; type=&#8221;full_width&#8221; angled_section=&#8221;no&#8221; text_align=&#8221;left&#8221; background_image_as_pattern=&#8221;without_pattern&#8221;][vc_column el_class=&#8221;homepage_tri&#8221; offset=&#8221;vc_hidden-sm vc_hidden-xs&#8221;][vc_column_text]\n\t\t\t\t<div class=\"tri_wrapper | vc_col-sm-4\">\n\t\t\t\t\t<a href=\"http:\/\/pcompletep.ca\/wp-content\/uploads\/2017\/01\/IMG_2720.jpg\" style=\"background-image: url(http:\/\/pcompletep.ca\/wp-content\/uploads\/2017\/01\/IMG_2720.jpg); background-position: 50% 25%;\" rel=\"prettyPhoto[single_pretty_photo_2]\">\n\t\t\t\t\t\t<span class=\"tri_hover\"><\/span>\n\t\t\t\t\t<\/a>\n\t\t\t\t<\/div>\n\t\t\t\t<div class=\"tri_wrapper | vc_col-sm-4\">\n\t\t\t\t\t<a href=\"http:\/\/pcompletep.ca\/wp-content\/uploads\/2017\/01\/IMG_2325.jpg\" style=\"background-image: url(http:\/\/pcompletep.ca\/wp-content\/uploads\/2017\/01\/IMG_2325.jpg); background-position: 50% 25%;\" rel=\"prettyPhoto[single_pretty_photo_2]\">\n\t\t\t\t\t\t<span class=\"tri_hover\"><\/span>\n\t\t\t\t\t<\/a>\n\t\t\t\t<\/div>\n\t\t\t\t<div class=\"tri_wrapper | vc_col-sm-4\">\n\t\t\t\t\t<a href=\"http:\/\/pcompletep.ca\/wp-content\/uploads\/2017\/01\/IMG_2654.jpg\" style=\"background-image: url(http:\/\/pcompletep.ca\/wp-content\/uploads\/2017\/01\/IMG_2654.jpg); background-position: 50% 25%;\" rel=\"prettyPhoto[single_pretty_photo_2]\">\n\t\t\t\t\t\t<span class=\"tri_hover\"><\/span>\n\t\t\t\t\t<\/a>\n\t\t\t\t<\/div><\/div>[\/vc_column_text][\/vc_column][\/vc_row]<\/p>\n<\/div>","protected":false},"excerpt":{"rendered":"<p>[vc_row css_animation=&#8221;&#8221; row_type=&#8221;row&#8221; use_row_as_full_screen_section=&#8221;no&#8221; type=&#8221;grid&#8221; angled_section=&#8221;no&#8221; text_align=&#8221;left&#8221; background_image_as_pattern=&#8221;without_pattern&#8221; el_class=&#8221;homepage_tilted&#8221;][vc_column width=&#8221;1\/2&#8243; el_class=&#8221;homepage_tilted_image&#8221; offset=&#8221;vc_hidden-sm vc_hidden-xs&#8221;][vc_single_image image=&#8221;147&#8243; img_size=&#8221;full&#8221; alignment=&#8221;center&#8221; qode_css_animation=&#8221;&#8221;][\/vc_column][vc_column el_class=&#8221;homepage_tilted_content&#8221; offset=&#8221;vc_col-md-6&#8243;][vc_column_text] Bien inform\u00e9, bien pr\u00e9par\u00e9 Chez Plomberie Complete, nous savons que la pr\u00e9paration est une \u00e9tape importante du succ\u00e8s. C\u2019est pourquoi nous tenons \u00e0 discuter avec vous&#8230;<\/p>\n","protected":false},"author":1,"featured_media":0,"parent":0,"menu_order":0,"comment_status":"closed","ping_status":"closed","template":"full_width.php","meta":{"_acf_changed":false,"footnotes":""},"class_list":["post-5","page","type-page","status-publish","hentry"],"acf":[],"yoast_head":"<!-- This site is optimized with the Yoast SEO plugin v27.4 - https:\/\/yoast.com\/product\/yoast-seo-wordpress\/ -->\n<title>Plomberie Complete Plumbing | R\u00e9sidentiel - Commercial | Ottawa, Ontario<\/title>\n<meta name=\"description\" content=\"Services de plomberie r\u00e9sidentiel et commercial de qualit\u00e9. Faites appel \u00e0 notre \u00e9quipe d&#039;experts. Service personnalis\u00e9 de r\u00e9paration et installation.\" \/>\n<meta name=\"robots\" content=\"index, follow, max-snippet:-1, max-image-preview:large, max-video-preview:-1\" \/>\n<link rel=\"canonical\" href=\"https:\/\/pcompletep.ca\/fr\/\" \/>\n<meta property=\"og:locale\" content=\"fr_FR\" \/>\n<meta property=\"og:type\" content=\"article\" \/>\n<meta property=\"og:title\" content=\"Plomberie Complete Plumbing | R\u00e9sidentiel - Commercial | Ottawa, Ontario\" \/>\n<meta property=\"og:description\" content=\"Services de plomberie r\u00e9sidentiel et commercial de qualit\u00e9. Faites appel \u00e0 notre \u00e9quipe d&#039;experts. Service personnalis\u00e9 de r\u00e9paration et installation.\" \/>\n<meta property=\"og:url\" content=\"https:\/\/pcompletep.ca\/fr\/\" \/>\n<meta property=\"og:site_name\" content=\"Plomberie Complete\" \/>\n<meta property=\"article:modified_time\" content=\"2018-03-20T13:11:56+00:00\" \/>\n<meta property=\"og:image\" content=\"http:\/\/pcompletep.ca\/wp-content\/uploads\/2017\/01\/pcompletep.jpg\" \/>\n<meta name=\"twitter:card\" content=\"summary_large_image\" \/>\n<meta name=\"twitter:label1\" content=\"Est. reading time\" \/>\n\t<meta name=\"twitter:data1\" content=\"3 minutes\" \/>\n<script type=\"application\/ld+json\" class=\"yoast-schema-graph\">{\"@context\":\"https:\\\/\\\/schema.org\",\"@graph\":[{\"@type\":\"WebPage\",\"@id\":\"https:\\\/\\\/pcompletep.ca\\\/fr\\\/\",\"url\":\"https:\\\/\\\/pcompletep.ca\\\/fr\\\/\",\"name\":\"Plomberie Complete Plumbing | R\u00e9sidentiel - Commercial | Ottawa, Ontario\",\"isPartOf\":{\"@id\":\"https:\\\/\\\/pcompletep.ca\\\/#website\"},\"datePublished\":\"2017-01-17T20:26:53+00:00\",\"dateModified\":\"2018-03-20T13:11:56+00:00\",\"description\":\"Services de plomberie r\u00e9sidentiel et commercial de qualit\u00e9. Faites appel \u00e0 notre \u00e9quipe d'experts. Service personnalis\u00e9 de r\u00e9paration et installation.\",\"breadcrumb\":{\"@id\":\"https:\\\/\\\/pcompletep.ca\\\/fr\\\/#breadcrumb\"},\"inLanguage\":\"fr-FR\",\"potentialAction\":[{\"@type\":\"ReadAction\",\"target\":[\"https:\\\/\\\/pcompletep.ca\\\/fr\\\/\"]}]},{\"@type\":\"BreadcrumbList\",\"@id\":\"https:\\\/\\\/pcompletep.ca\\\/fr\\\/#breadcrumb\",\"itemListElement\":[{\"@type\":\"ListItem\",\"position\":1,\"name\":\"Home\",\"item\":\"https:\\\/\\\/pcompletep.ca\\\/fr\\\/\"},{\"@type\":\"ListItem\",\"position\":2,\"name\":\"Accueil\"}]},{\"@type\":\"WebSite\",\"@id\":\"https:\\\/\\\/pcompletep.ca\\\/#website\",\"url\":\"https:\\\/\\\/pcompletep.ca\\\/\",\"name\":\"Plomberie Complete\",\"description\":\"Plomberie Complete\",\"potentialAction\":[{\"@type\":\"SearchAction\",\"target\":{\"@type\":\"EntryPoint\",\"urlTemplate\":\"https:\\\/\\\/pcompletep.ca\\\/?s={search_term_string}\"},\"query-input\":{\"@type\":\"PropertyValueSpecification\",\"valueRequired\":true,\"valueName\":\"search_term_string\"}}],\"inLanguage\":\"fr-FR\"}]}<\/script>\n<!-- \/ Yoast SEO plugin. -->","yoast_head_json":{"title":"Plomberie Complete Plumbing | R\u00e9sidentiel - Commercial | Ottawa, Ontario","description":"Services de plomberie r\u00e9sidentiel et commercial de qualit\u00e9. Faites appel \u00e0 notre \u00e9quipe d'experts. Service personnalis\u00e9 de r\u00e9paration et installation.","robots":{"index":"index","follow":"follow","max-snippet":"max-snippet:-1","max-image-preview":"max-image-preview:large","max-video-preview":"max-video-preview:-1"},"canonical":"https:\/\/pcompletep.ca\/fr\/","og_locale":"fr_FR","og_type":"article","og_title":"Plomberie Complete Plumbing | R\u00e9sidentiel - Commercial | Ottawa, Ontario","og_description":"Services de plomberie r\u00e9sidentiel et commercial de qualit\u00e9. Faites appel \u00e0 notre \u00e9quipe d'experts. Service personnalis\u00e9 de r\u00e9paration et installation.","og_url":"https:\/\/pcompletep.ca\/fr\/","og_site_name":"Plomberie Complete","article_modified_time":"2018-03-20T13:11:56+00:00","og_image":[{"url":"http:\/\/pcompletep.ca\/wp-content\/uploads\/2017\/01\/pcompletep.jpg","type":"","width":"","height":""}],"twitter_card":"summary_large_image","twitter_misc":{"Est. reading time":"3 minutes"},"schema":{"@context":"https:\/\/schema.org","@graph":[{"@type":"WebPage","@id":"https:\/\/pcompletep.ca\/fr\/","url":"https:\/\/pcompletep.ca\/fr\/","name":"Plomberie Complete Plumbing | R\u00e9sidentiel - Commercial | Ottawa, Ontario","isPartOf":{"@id":"https:\/\/pcompletep.ca\/#website"},"datePublished":"2017-01-17T20:26:53+00:00","dateModified":"2018-03-20T13:11:56+00:00","description":"Services de plomberie r\u00e9sidentiel et commercial de qualit\u00e9. Faites appel \u00e0 notre \u00e9quipe d'experts. Service personnalis\u00e9 de r\u00e9paration et installation.","breadcrumb":{"@id":"https:\/\/pcompletep.ca\/fr\/#breadcrumb"},"inLanguage":"fr-FR","potentialAction":[{"@type":"ReadAction","target":["https:\/\/pcompletep.ca\/fr\/"]}]},{"@type":"BreadcrumbList","@id":"https:\/\/pcompletep.ca\/fr\/#breadcrumb","itemListElement":[{"@type":"ListItem","position":1,"name":"Home","item":"https:\/\/pcompletep.ca\/fr\/"},{"@type":"ListItem","position":2,"name":"Accueil"}]},{"@type":"WebSite","@id":"https:\/\/pcompletep.ca\/#website","url":"https:\/\/pcompletep.ca\/","name":"Plomberie Complete","description":"Plomberie Complete","potentialAction":[{"@type":"SearchAction","target":{"@type":"EntryPoint","urlTemplate":"https:\/\/pcompletep.ca\/?s={search_term_string}"},"query-input":{"@type":"PropertyValueSpecification","valueRequired":true,"valueName":"search_term_string"}}],"inLanguage":"fr-FR"}]}},"_links":{"self":[{"href":"https:\/\/pcompletep.ca\/fr\/wp-json\/wp\/v2\/pages\/5","targetHints":{"allow":["GET"]}}],"collection":[{"href":"https:\/\/pcompletep.ca\/fr\/wp-json\/wp\/v2\/pages"}],"about":[{"href":"https:\/\/pcompletep.ca\/fr\/wp-json\/wp\/v2\/types\/page"}],"author":[{"embeddable":true,"href":"https:\/\/pcompletep.ca\/fr\/wp-json\/wp\/v2\/users\/1"}],"replies":[{"embeddable":true,"href":"https:\/\/pcompletep.ca\/fr\/wp-json\/wp\/v2\/comments?post=5"}],"version-history":[{"count":71,"href":"https:\/\/pcompletep.ca\/fr\/wp-json\/wp\/v2\/pages\/5\/revisions"}],"predecessor-version":[{"id":365,"href":"https:\/\/pcompletep.ca\/fr\/wp-json\/wp\/v2\/pages\/5\/revisions\/365"}],"wp:attachment":[{"href":"https:\/\/pcompletep.ca\/fr\/wp-json\/wp\/v2\/media?parent=5"}],"curies":[{"name":"wp","href":"https:\/\/api.w.org\/{rel}","templated":true}]}}