{"id":165,"date":"2017-01-20T17:12:19","date_gmt":"2017-01-20T22:12:19","guid":{"rendered":"http:\/\/pcompletep.ca\/?page_id=165"},"modified":"2017-02-03T08:43:51","modified_gmt":"2017-02-03T13:43:51","slug":"realisations","status":"publish","type":"page","link":"https:\/\/pcompletep.ca\/fr\/realisations\/","title":{"rendered":"R\u00e9alisations"},"content":{"rendered":"<div class=\"wpb-content-wrapper\"><p>[vc_row css_animation=&#8221;&#8221; row_type=&#8221;row&#8221; use_row_as_full_screen_section=&#8221;no&#8221; type=&#8221;grid&#8221; angled_section=&#8221;no&#8221; text_align=&#8221;left&#8221; background_image_as_pattern=&#8221;without_pattern&#8221; el_class=&#8221;homepage_tilted tilted_template_form&#8221;][vc_column el_class=&#8221;homepage_tilted_content&#8221;][vc_column_text]<div class=\"image-gallery_pagination\"><span aria-current=\"page\" class=\"page-numbers current\">1<\/span>\n<a class=\"page-numbers\" href=\"https:\/\/pcompletep.ca\/fr\/realisations\/2\/\">2<\/a>\n<a class=\"page-numbers\" href=\"https:\/\/pcompletep.ca\/fr\/realisations\/3\/\">3<\/a>\n<a class=\"next page-numbers\" href=\"https:\/\/pcompletep.ca\/fr\/realisations\/2\/\">Suivant<\/a><\/div><div class=\"image-gallery\"><div class=\"image-gallery-single\">\n                        <a class=\"image-gallery-single-inner\" \n                            href=\"https:\/\/pcompletep.ca\/wp-content\/uploads\/2017\/01\/image1.jpg\" \n\t\t\t\t\t\t\ttitle=\"&nbsp;\"\n                            rel=\"prettyPhoto[single_pretty_photo]\" \n                            style=\"background-image: url(https:\/\/pcompletep.ca\/wp-content\/uploads\/2017\/01\/image1-480x570.jpg);\"\n                        >\n                            <div class=\"image-gallery-hover\"><\/div>\n                        <\/a>\n                    <\/div><div class=\"image-gallery-single\">\n                        <a class=\"image-gallery-single-inner\" \n                            href=\"https:\/\/pcompletep.ca\/wp-content\/uploads\/2017\/01\/image2.jpg\" \n\t\t\t\t\t\t\ttitle=\"&nbsp;\"\n                            rel=\"prettyPhoto[single_pretty_photo]\" \n                            style=\"background-image: url(https:\/\/pcompletep.ca\/wp-content\/uploads\/2017\/01\/image2-480x570.jpg);\"\n                        >\n                            <div class=\"image-gallery-hover\"><\/div>\n                        <\/a>\n                    <\/div><div class=\"image-gallery-single\">\n                        <a class=\"image-gallery-single-inner\" \n                            href=\"https:\/\/pcompletep.ca\/wp-content\/uploads\/2017\/01\/image3.jpg\" \n\t\t\t\t\t\t\ttitle=\"&nbsp;\"\n                            rel=\"prettyPhoto[single_pretty_photo]\" \n                            style=\"background-image: url(https:\/\/pcompletep.ca\/wp-content\/uploads\/2017\/01\/image3-480x570.jpg);\"\n                        >\n                            <div class=\"image-gallery-hover\"><\/div>\n                        <\/a>\n                    <\/div><div class=\"image-gallery-single\">\n                        <a class=\"image-gallery-single-inner\" \n                            href=\"https:\/\/pcompletep.ca\/wp-content\/uploads\/2017\/01\/image4.jpg\" \n\t\t\t\t\t\t\ttitle=\"&nbsp;\"\n                            rel=\"prettyPhoto[single_pretty_photo]\" \n                            style=\"background-image: url(https:\/\/pcompletep.ca\/wp-content\/uploads\/2017\/01\/image4-480x570.jpg);\"\n                        >\n                            <div class=\"image-gallery-hover\"><\/div>\n                        <\/a>\n                    <\/div><div class=\"image-gallery-single\">\n                        <a class=\"image-gallery-single-inner\" \n                            href=\"https:\/\/pcompletep.ca\/wp-content\/uploads\/2017\/01\/IMG_1089.jpg\" \n\t\t\t\t\t\t\ttitle=\"&nbsp;\"\n                            rel=\"prettyPhoto[single_pretty_photo]\" \n                            style=\"background-image: url(https:\/\/pcompletep.ca\/wp-content\/uploads\/2017\/01\/IMG_1089-480x570.jpg);\"\n                        >\n                            <div class=\"image-gallery-hover\"><\/div>\n                        <\/a>\n                    <\/div><div class=\"image-gallery-single\">\n                        <a class=\"image-gallery-single-inner\" \n                            href=\"https:\/\/pcompletep.ca\/wp-content\/uploads\/2017\/01\/IMG_2323.jpg\" \n\t\t\t\t\t\t\ttitle=\"&nbsp;\"\n                            rel=\"prettyPhoto[single_pretty_photo]\" \n                            style=\"background-image: url(https:\/\/pcompletep.ca\/wp-content\/uploads\/2017\/01\/IMG_2323-570x570.jpg);\"\n                        >\n                            <div class=\"image-gallery-hover\"><\/div>\n                        <\/a>\n                    <\/div><div class=\"image-gallery-single\">\n                        <a class=\"image-gallery-single-inner\" \n                            href=\"https:\/\/pcompletep.ca\/wp-content\/uploads\/2017\/01\/IMG_2324.jpg\" \n\t\t\t\t\t\t\ttitle=\"&nbsp;\"\n                            rel=\"prettyPhoto[single_pretty_photo]\" \n                            style=\"background-image: url(https:\/\/pcompletep.ca\/wp-content\/uploads\/2017\/01\/IMG_2324-570x570.jpg);\"\n                        >\n                            <div class=\"image-gallery-hover\"><\/div>\n                        <\/a>\n                    <\/div><div class=\"image-gallery-single\">\n                        <a class=\"image-gallery-single-inner\" \n                            href=\"https:\/\/pcompletep.ca\/wp-content\/uploads\/2017\/01\/IMG_2325.jpg\" \n\t\t\t\t\t\t\ttitle=\"&nbsp;\"\n                            rel=\"prettyPhoto[single_pretty_photo]\" \n                            style=\"background-image: url(https:\/\/pcompletep.ca\/wp-content\/uploads\/2017\/01\/IMG_2325-570x570.jpg);\"\n                        >\n                            <div class=\"image-gallery-hover\"><\/div>\n                        <\/a>\n                    <\/div><div class=\"image-gallery-single\">\n                        <a class=\"image-gallery-single-inner\" \n                            href=\"https:\/\/pcompletep.ca\/wp-content\/uploads\/2017\/01\/IMG_2521.jpg\" \n\t\t\t\t\t\t\ttitle=\"&nbsp;\"\n                            rel=\"prettyPhoto[single_pretty_photo]\" \n                            style=\"background-image: url(https:\/\/pcompletep.ca\/wp-content\/uploads\/2017\/01\/IMG_2521-570x570.jpg);\"\n                        >\n                            <div class=\"image-gallery-hover\"><\/div>\n                        <\/a>\n                    <\/div><\/div><div class=\"image-gallery_pagination\"><span aria-current=\"page\" class=\"page-numbers current\">1<\/span>\n<a class=\"page-numbers\" href=\"https:\/\/pcompletep.ca\/fr\/realisations\/2\/\">2<\/a>\n<a class=\"page-numbers\" href=\"https:\/\/pcompletep.ca\/fr\/realisations\/3\/\">3<\/a>\n<a class=\"next page-numbers\" href=\"https:\/\/pcompletep.ca\/fr\/realisations\/2\/\">Suivant<\/a><\/div>[\/vc_column_text][\/vc_column][\/vc_row]<\/p>\n<\/div>","protected":false},"excerpt":{"rendered":"<p>[vc_row css_animation=&#8221;&#8221; row_type=&#8221;row&#8221; use_row_as_full_screen_section=&#8221;no&#8221; type=&#8221;grid&#8221; angled_section=&#8221;no&#8221; text_align=&#8221;left&#8221; background_image_as_pattern=&#8221;without_pattern&#8221; el_class=&#8221;homepage_tilted tilted_template_form&#8221;][vc_column el_class=&#8221;homepage_tilted_content&#8221;][vc_column_text][\/vc_column_text][\/vc_column][\/vc_row]<\/p>\n","protected":false},"author":1,"featured_media":0,"parent":0,"menu_order":0,"comment_status":"closed","ping_status":"closed","template":"full_width.php","meta":{"_acf_changed":false,"footnotes":""},"class_list":["post-165","page","type-page","status-publish","hentry"],"acf":[],"yoast_head":"<!-- This site is optimized with the Yoast SEO plugin v27.4 - https:\/\/yoast.com\/product\/yoast-seo-wordpress\/ -->\n<title>R\u00e9alisations | Plomberie Complete Plumbing | Ottawa-Ontario<\/title>\n<meta name=\"description\" content=\"Consultez nos r\u00e9alisations. Chacun de nos projets est r\u00e9alis\u00e9 avec passion. C&#039;est pourquoi, nous sommes fiers de vous pr\u00e9senter le travail effectu\u00e9.\" \/>\n<meta name=\"robots\" content=\"index, follow, max-snippet:-1, max-image-preview:large, max-video-preview:-1\" \/>\n<link rel=\"canonical\" href=\"https:\/\/pcompletep.ca\/fr\/realisations\/\" \/>\n<meta property=\"og:locale\" content=\"fr_FR\" \/>\n<meta property=\"og:type\" content=\"article\" \/>\n<meta property=\"og:title\" content=\"R\u00e9alisations | Plomberie Complete Plumbing | Ottawa-Ontario\" \/>\n<meta property=\"og:description\" content=\"Consultez nos r\u00e9alisations. Chacun de nos projets est r\u00e9alis\u00e9 avec passion. C&#039;est pourquoi, nous sommes fiers de vous pr\u00e9senter le travail effectu\u00e9.\" \/>\n<meta property=\"og:url\" content=\"https:\/\/pcompletep.ca\/fr\/realisations\/\" \/>\n<meta property=\"og:site_name\" content=\"Plomberie Complete\" \/>\n<meta property=\"article:modified_time\" content=\"2017-02-03T13:43:51+00:00\" \/>\n<meta property=\"og:image\" content=\"http:\/\/pcompletep.ca\/wp-content\/uploads\/2017\/01\/pcompletep.jpg\" \/>\n<meta name=\"twitter:card\" content=\"summary_large_image\" \/>\n<script type=\"application\/ld+json\" class=\"yoast-schema-graph\">{\"@context\":\"https:\\\/\\\/schema.org\",\"@graph\":[{\"@type\":\"WebPage\",\"@id\":\"https:\\\/\\\/pcompletep.ca\\\/fr\\\/realisations\\\/\",\"url\":\"https:\\\/\\\/pcompletep.ca\\\/fr\\\/realisations\\\/\",\"name\":\"R\u00e9alisations | Plomberie Complete Plumbing | Ottawa-Ontario\",\"isPartOf\":{\"@id\":\"https:\\\/\\\/pcompletep.ca\\\/#website\"},\"datePublished\":\"2017-01-20T22:12:19+00:00\",\"dateModified\":\"2017-02-03T13:43:51+00:00\",\"description\":\"Consultez nos r\u00e9alisations. Chacun de nos projets est r\u00e9alis\u00e9 avec passion. C'est pourquoi, nous sommes fiers de vous pr\u00e9senter le travail effectu\u00e9.\",\"breadcrumb\":{\"@id\":\"https:\\\/\\\/pcompletep.ca\\\/fr\\\/realisations\\\/#breadcrumb\"},\"inLanguage\":\"fr-FR\",\"potentialAction\":[{\"@type\":\"ReadAction\",\"target\":[\"https:\\\/\\\/pcompletep.ca\\\/fr\\\/realisations\\\/\"]}]},{\"@type\":\"BreadcrumbList\",\"@id\":\"https:\\\/\\\/pcompletep.ca\\\/fr\\\/realisations\\\/#breadcrumb\",\"itemListElement\":[{\"@type\":\"ListItem\",\"position\":1,\"name\":\"Home\",\"item\":\"https:\\\/\\\/pcompletep.ca\\\/fr\\\/\"},{\"@type\":\"ListItem\",\"position\":2,\"name\":\"R\u00e9alisations\"}]},{\"@type\":\"WebSite\",\"@id\":\"https:\\\/\\\/pcompletep.ca\\\/#website\",\"url\":\"https:\\\/\\\/pcompletep.ca\\\/\",\"name\":\"Plomberie Complete\",\"description\":\"Plomberie Complete\",\"potentialAction\":[{\"@type\":\"SearchAction\",\"target\":{\"@type\":\"EntryPoint\",\"urlTemplate\":\"https:\\\/\\\/pcompletep.ca\\\/?s={search_term_string}\"},\"query-input\":{\"@type\":\"PropertyValueSpecification\",\"valueRequired\":true,\"valueName\":\"search_term_string\"}}],\"inLanguage\":\"fr-FR\"}]}<\/script>\n<!-- \/ Yoast SEO plugin. -->","yoast_head_json":{"title":"R\u00e9alisations | Plomberie Complete Plumbing | Ottawa-Ontario","description":"Consultez nos r\u00e9alisations. Chacun de nos projets est r\u00e9alis\u00e9 avec passion. C'est pourquoi, nous sommes fiers de vous pr\u00e9senter le travail effectu\u00e9.","robots":{"index":"index","follow":"follow","max-snippet":"max-snippet:-1","max-image-preview":"max-image-preview:large","max-video-preview":"max-video-preview:-1"},"canonical":"https:\/\/pcompletep.ca\/fr\/realisations\/","og_locale":"fr_FR","og_type":"article","og_title":"R\u00e9alisations | Plomberie Complete Plumbing | Ottawa-Ontario","og_description":"Consultez nos r\u00e9alisations. Chacun de nos projets est r\u00e9alis\u00e9 avec passion. C'est pourquoi, nous sommes fiers de vous pr\u00e9senter le travail effectu\u00e9.","og_url":"https:\/\/pcompletep.ca\/fr\/realisations\/","og_site_name":"Plomberie Complete","article_modified_time":"2017-02-03T13:43:51+00:00","og_image":[{"url":"http:\/\/pcompletep.ca\/wp-content\/uploads\/2017\/01\/pcompletep.jpg","type":"","width":"","height":""}],"twitter_card":"summary_large_image","schema":{"@context":"https:\/\/schema.org","@graph":[{"@type":"WebPage","@id":"https:\/\/pcompletep.ca\/fr\/realisations\/","url":"https:\/\/pcompletep.ca\/fr\/realisations\/","name":"R\u00e9alisations | Plomberie Complete Plumbing | Ottawa-Ontario","isPartOf":{"@id":"https:\/\/pcompletep.ca\/#website"},"datePublished":"2017-01-20T22:12:19+00:00","dateModified":"2017-02-03T13:43:51+00:00","description":"Consultez nos r\u00e9alisations. Chacun de nos projets est r\u00e9alis\u00e9 avec passion. C'est pourquoi, nous sommes fiers de vous pr\u00e9senter le travail effectu\u00e9.","breadcrumb":{"@id":"https:\/\/pcompletep.ca\/fr\/realisations\/#breadcrumb"},"inLanguage":"fr-FR","potentialAction":[{"@type":"ReadAction","target":["https:\/\/pcompletep.ca\/fr\/realisations\/"]}]},{"@type":"BreadcrumbList","@id":"https:\/\/pcompletep.ca\/fr\/realisations\/#breadcrumb","itemListElement":[{"@type":"ListItem","position":1,"name":"Home","item":"https:\/\/pcompletep.ca\/fr\/"},{"@type":"ListItem","position":2,"name":"R\u00e9alisations"}]},{"@type":"WebSite","@id":"https:\/\/pcompletep.ca\/#website","url":"https:\/\/pcompletep.ca\/","name":"Plomberie Complete","description":"Plomberie Complete","potentialAction":[{"@type":"SearchAction","target":{"@type":"EntryPoint","urlTemplate":"https:\/\/pcompletep.ca\/?s={search_term_string}"},"query-input":{"@type":"PropertyValueSpecification","valueRequired":true,"valueName":"search_term_string"}}],"inLanguage":"fr-FR"}]}},"_links":{"self":[{"href":"https:\/\/pcompletep.ca\/fr\/wp-json\/wp\/v2\/pages\/165","targetHints":{"allow":["GET"]}}],"collection":[{"href":"https:\/\/pcompletep.ca\/fr\/wp-json\/wp\/v2\/pages"}],"about":[{"href":"https:\/\/pcompletep.ca\/fr\/wp-json\/wp\/v2\/types\/page"}],"author":[{"embeddable":true,"href":"https:\/\/pcompletep.ca\/fr\/wp-json\/wp\/v2\/users\/1"}],"replies":[{"embeddable":true,"href":"https:\/\/pcompletep.ca\/fr\/wp-json\/wp\/v2\/comments?post=165"}],"version-history":[{"count":10,"href":"https:\/\/pcompletep.ca\/fr\/wp-json\/wp\/v2\/pages\/165\/revisions"}],"predecessor-version":[{"id":302,"href":"https:\/\/pcompletep.ca\/fr\/wp-json\/wp\/v2\/pages\/165\/revisions\/302"}],"wp:attachment":[{"href":"https:\/\/pcompletep.ca\/fr\/wp-json\/wp\/v2\/media?parent=165"}],"curies":[{"name":"wp","href":"https:\/\/api.w.org\/{rel}","templated":true}]}}